{"id":298,"date":"2023-03-22T13:46:24","date_gmt":"2023-03-22T12:46:24","guid":{"rendered":"https:\/\/www.pmontime.com\/?page_id=298"},"modified":"2023-03-22T13:46:25","modified_gmt":"2023-03-22T12:46:25","slug":"raven13","status":"publish","type":"page","link":"https:\/\/www.pmontime.com\/index.php\/pl\/raven13\/","title":{"rendered":"Raven&#8217;13\u00ae"},"content":{"rendered":"\n<p><strong>RAVEN\u201913\u00ae\u00a0<\/strong>to hybrydowa symulacja biznesowa \u2013 jedna z pierwszych na rynku, kt\u00f3ra \u0142\u0105czy \u015bwiat wirtualny z rzeczywistym.<\/p>\n\n\n\n<p>Fabu\u0142a dotyczy&nbsp;podwodnej stacji wydobywczej, w kt\u00f3rej nast\u0105pi\u0142 wstrz\u0105s, co&nbsp;&nbsp;grozi zawaleniem. Wci\u0105ga uczestnik\u00f3w w podwodny \u015bwiat laboratori\u00f3w, z kt\u00f3rych trzeba uratowa\u0107 jak najwi\u0119ksza liczb\u0119 cennych dla naszej przysz\u0142o\u015bci naukowc\u00f3w oraz cz\u0142onk\u00f3w zespo\u0142u podwodnej bazy badawczej.&nbsp;<\/p>\n\n\n\n<p>Czy uda si\u0119 uratowa\u0107 wszystkich zagro\u017conych? Jak si\u0119 komunikowa\u0107, dzia\u0142a\u0107, wsp\u00f3\u0142dzia\u0142a\u0107, \u017ceby zapobiec zawaleniu kolejnych pomieszcze\u0144 i stref bazy? Czy lepiej dzia\u0142amy w pojedynk\u0119, czy jednak wi\u0119ksze efekty przyniesie praca w zespole? Czy praca zespo\u0142owa to klucz do sukcesu? Jakie role w zespole s\u0105 potrzebne, a jakie niezb\u0119dne, aby dzia\u0142a\u0107 produktywniej? Jakich narz\u0119dzi mo\u017cna, a jakich warto u\u017cywa\u0107 w pracy w\u0142asnej i ca\u0142ej za\u0142ogi, aby dzia\u0142a\u0107 wydajniej? Jak wdro\u017cy\u0107 podej\u015bcie i narz\u0119dzia wpieraj\u0105ce zwinne zarz\u0105dzanie (podej\u015bcie Agile oraz Agile PM)? Te i inne kwestie mo\u017cna prze\u0107wiczy\u0107 w \u015bwiecie symulacji biznesowej jak\u0105 jest Raven\u201913. Podczas symulacji Raven\u201913 uczestnicy b\u0119d\u0105 mogli sprawdzi\u0107 mi\u0119dzy innymi swoje umiej\u0119tno\u015bci komunikacji, pracy w\u0142asnej i zespo\u0142owej oraz wdro\u017cy\u0107 narz\u0119dzia zarz\u0105dzania.&nbsp;&nbsp;Dodatkowo, wci\u0105gaj\u0105ca i anga\u017cuj\u0105ca uczestnik\u00f3w jest forma symulacji, dzi\u0119ki mo\u017cliwo\u015bci jednoczesnego poruszania si\u0119 zar\u00f3wno w rzeczywisto\u015bci jak i przestrzeni wirtualnej.&nbsp;<strong>Aby si\u0119 poruszy\u0107 trzeba si\u0119 ruszy\u0107<\/strong>&nbsp;\u2013 wed\u0142ug tej zasady uczestnicy symulacji mog\u0105 swobodnie porusza\u0107 si\u0119 w miejscach, w kt\u00f3rych chc\u0105 znale\u017a\u0107 si\u0119 wirtualnie, za pomoc\u0105 aplikacji w telefonie. Podejmuj\u0105 w ten spos\u00f3b, m. in. decyzje o kierunkach i sposobach realizacji dzia\u0142a\u0144 w wirtualnym \u015bwiecie.<\/p>\n\n\n\n<p>Organizacje, decyduj\u0105ce si\u0119 wzi\u0105\u0107 udzia\u0142 w symulacji wirtualnego \u015bwiata, odnosz\u0105 liczne korzy\u015bci z nabycia oraz prze\u0107wiczenia przez pracownik\u00f3w nowych umiej\u0119tno\u015bci i narz\u0119dzi.&nbsp;<strong>Zmiany dzia\u0142ania i funkcjonowania zespo\u0142\u00f3w wprowadzane w symulacji przek\u0142adaj\u0105 si\u0119 na zmian\u0119 postaw naszych pracownik\u00f3w w codziennej pracy.&nbsp;<\/strong>Rezultatem jest zwi\u0119kszenie ich efektywno\u015bci oraz zmniejszenie ilo\u015bci pope\u0142nianych b\u0142\u0119d\u00f3w. Symulacja dba o zachowanie zasad oraz sekwencji wydarze\u0144 maj\u0105cych wp\u0142yw na nasze codzienne funkcjonowanie.Warsztaty wsparte symulacj\u0105 Raven\u201913 s\u0105 efektywn\u0105 form\u0105 nauki i przyswajania nowych zasad oraz warto\u015bci przez zespo\u0142y bior\u0105ce w nich udzia\u0142. Obszary zastosowania symulacji to m.in.: wprowadzanie nowych narz\u0105dzi zarz\u0105dzania i komunikacji, budowanie efektywnych zespo\u0142\u00f3w, wprowadzanie nowoczesnych metod zarz\u0105dzania projektem i zespo\u0142em (Agile), narz\u0119dzi zarz\u0105dzania prac\u0105 w procesach (m.in. SCRUM, Lean), przyw\u00f3dztwo, komunikacja, planowanie czy podejmowanie trudnych decyzji oraz zarz\u0105dzanie zasobami.<\/p>\n","protected":false},"excerpt":{"rendered":"<p>RAVEN\u201913\u00ae\u00a0to hybrydowa symulacja biznesowa \u2013 jedna z pierwszych na rynku, kt\u00f3ra \u0142\u0105czy \u015bwiat wirtualny z rzeczywistym. Fabu\u0142a dotyczy&nbsp;podwodnej stacji wydobywczej, w kt\u00f3rej nast\u0105pi\u0142 wstrz\u0105s, co&nbsp;&nbsp;grozi zawaleniem. Wci\u0105ga uczestnik\u00f3w w podwodny \u015bwiat laboratori\u00f3w, z kt\u00f3rych trzeba uratowa\u0107 jak najwi\u0119ksza liczb\u0119 cennych dla naszej przysz\u0142o\u015bci naukowc\u00f3w oraz cz\u0142onk\u00f3w zespo\u0142u podwodnej bazy badawczej.&nbsp; Czy uda si\u0119 uratowa\u0107 wszystkich &hellip; <a href=\"https:\/\/www.pmontime.com\/index.php\/pl\/raven13\/\" class=\"more-link\">Czytaj dalej<span class=\"screen-reader-text\"> Raven&#8217;13\u00ae<\/span><\/a><\/p>\n","protected":false},"author":2,"featured_media":0,"parent":0,"menu_order":0,"comment_status":"closed","ping_status":"closed","template":"","meta":[],"_links":{"self":[{"href":"https:\/\/www.pmontime.com\/index.php\/wp-json\/wp\/v2\/pages\/298"}],"collection":[{"href":"https:\/\/www.pmontime.com\/index.php\/wp-json\/wp\/v2\/pages"}],"about":[{"href":"https:\/\/www.pmontime.com\/index.php\/wp-json\/wp\/v2\/types\/page"}],"author":[{"embeddable":true,"href":"https:\/\/www.pmontime.com\/index.php\/wp-json\/wp\/v2\/users\/2"}],"replies":[{"embeddable":true,"href":"https:\/\/www.pmontime.com\/index.php\/wp-json\/wp\/v2\/comments?post=298"}],"version-history":[{"count":2,"href":"https:\/\/www.pmontime.com\/index.php\/wp-json\/wp\/v2\/pages\/298\/revisions"}],"predecessor-version":[{"id":336,"href":"https:\/\/www.pmontime.com\/index.php\/wp-json\/wp\/v2\/pages\/298\/revisions\/336"}],"wp:attachment":[{"href":"https:\/\/www.pmontime.com\/index.php\/wp-json\/wp\/v2\/media?parent=298"}],"curies":[{"name":"wp","href":"https:\/\/api.w.org\/{rel}","templated":true}]}}