{"id":300,"date":"2023-03-22T13:54:32","date_gmt":"2023-03-22T12:54:32","guid":{"rendered":"https:\/\/www.pmontime.com\/?page_id=300"},"modified":"2023-03-22T20:23:04","modified_gmt":"2023-03-22T19:23:04","slug":"sparta-500bc","status":"publish","type":"page","link":"https:\/\/www.pmontime.com\/index.php\/pl\/sparta-500bc\/","title":{"rendered":"SPARTA 500BC\u00ae"},"content":{"rendered":"\n<h2><strong>Symulacja SPARTA 500BC\u00ae<\/strong><\/h2>\n\n\n\n<p>Jeste\u015bmy w Staro\u017cytnej Grecji w V w. p.n.e. Kultura Achaj\u00f3w upad\u0142a pod naporem obcych lud\u00f3w, gdy seria wielkich trz\u0119sie\u0144 ziemi rozbi\u0142a w py\u0142 jej miasta. W\u015br\u00f3d chaosu powoli powstaj\u0105 zr\u0119by, nowej, najwspanialszej ery tego regionu.<\/p>\n\n\n\n<p>Potrzeba jeszcze jednak sporo czasu, nim powstan\u0105 najwi\u0119ksze dzie\u0142a klasycznej filozofii, literatury i sztuki. Ateny, Sparta s\u0105 jeszcze niewielkimi osadami. Troja powstaje z gruz\u00f3w. G\u0142\u00f3wnym o\u015brodkiem religii i kultury s\u0105 Delfy. Rozpoczyna si\u0119 okres heroiczny. Powstaj\u0105 legendy&#8230;<\/p>\n\n\n\n<p>Nale\u017cysz do jednego z plemion, kt\u00f3re buduj\u0105 now\u0105 cywilizacj\u0119 na greckich wyspach.&nbsp;Chcesz, by twoje plemi\u0119 zdoby\u0142o najwi\u0119cej s\u0142awy. Ale musisz te\u017c czasem pomaga\u0107 innym plemionom, bo je\u015bli cho\u0107 jedno z miast zginie, cywilizacja upadnie i wszyscy popadn\u0105 w zapomnienie.<\/p>\n\n\n\n<p>Symulacja przenosi uczestnik\u00f3w do staro\u017cytnej Sparty, do okresu jej najwi\u0119kszego rozkwitu.<br>Po serii trz\u0119sie\u0144 Sparta staje przed nowymi wyzwaniami \u2013 niedostatki i kryzys pa\u0144stwa wywo\u0142uj\u0105 gniew i smutek mieszka\u0144c\u00f3w. Rodz\u0105ca si\u0119 w miastach rebelia mo\u017ce doprowadzi\u0107 do upadku Sparty. Zadaniem uczestnik\u00f3w b\u0119dzie zmierzenie si\u0119\u0328 z rebeli\u0105, kt\u00f3ra mo\u017ce po\u0142o\u017cy\u0107\u0301 kres jej istnieniu. Od garstki bohater\u00f3w, ich umiej\u0119tno\u015bci, odwagi i determinacji zale\u017cy, czy Sparta przetrwa.<br>Podczas hybrydowej symulacji SPARTA 500BC\u00ae uczestnicy b\u0119d\u0105\u0328 u\u017cywa\u0107 telefon\u00f3w oraz du\u017cych papierowych map.<br>SPARTA daje mo\u017cliwo\u015bci pracy i doskonalenia w wielu obszarach, a uczestnicy b\u0119d\u0105 mogli do\u015bwiadczy\u0107 symulacji hybrydowej oraz sprawdzi\u0107 swoje umiej\u0119tno\u015bci wsp\u00f3\u0142pracy, specjalno\u015bci i wielozadaniowo\u015bci.&nbsp;<\/p>\n\n\n\n<p>Symulacja dotyka problemu&nbsp;<strong>coopetition&nbsp;<\/strong>(wsp\u00f3\u0142pracy w warunkach konkurencji). Przez postawienie grupie jednocze\u015bnie celu, wsp\u00f3lnego i cel\u00f3w indywidualnych, wywo\u0142ujemy wiele ciekawych zjawisk.<\/p>\n\n\n\n<p>Proces poznawczy jest skupiony wok\u00f3\u0142 rozm\u00f3w w \u015awi\u0105tyni Prawdy, gdzie nie wolno k\u0142ama\u0107 i gdzie wszystkie obietnice s\u0105 wi\u0105\u017c\u0105ce.<\/p>\n\n\n\n<p>Uczestnicy maj\u0105 mapy i specjalne aplikacje www na telefonach.<\/p>\n\n\n\n<p>Liczne wykresy pozwalaj\u0105 pracowa\u0107 nad analiz\u0105 sytuacji (rola bog\u00f3w Olimpu).<\/p>\n\n\n\n<h2><strong>Cele warsztat\u00f3w<\/strong><\/h2>\n\n\n\n<ul>\n<li>weryfikacja efektywno\u015bci pracy w grupie lub zespole,<\/li>\n\n\n\n<li>sprawdzenie umiej\u0119tno\u015bci zarz\u0105dzania w turbulentnym otoczeniu,<\/li>\n\n\n\n<li>ujawnienie warto\u015bci zespo\u0142owych wspomagaj\u0105cych efektywn\u0105 realizacj\u0119 zada\u0144 i cel\u00f3w,<\/li>\n\n\n\n<li>praca nad komunikacj\u0105 priorytet\u00f3w \u2013 zada\u0144 i dzia\u0142a\u0144,<\/li>\n\n\n\n<li>weryfikacja umiej\u0119tno\u015bci planowania w z\u0142o\u017conych warunkach,<\/li>\n\n\n\n<li>identyfikacja ryzyk i zagadnie\u0144 w codzienno\u015bci,<\/li>\n\n\n\n<li>praca nad relacjami w zespo\u0142ach i pomi\u0119dzy nimi,<\/li>\n\n\n\n<li>doskonalenie umiej\u0119tno\u015bci komunikacyjnych,<\/li>\n\n\n\n<li>budowanie wzajemnego zaufania, postawy otwarto\u015bci i wzajemnej akceptacji,<\/li>\n\n\n\n<li>budowanie autorytetu lidera,<\/li>\n\n\n\n<li>strukturyzacja i wzmacnianie zespo\u0142u,<\/li>\n\n\n\n<li>planowanie i jego wp\u0142yw na prac\u0119 w zespo\u0142ach.<\/li>\n<\/ul>\n\n\n\n<h2><strong>Adresaci warsztatu<\/strong><\/h2>\n\n\n\n<ul>\n<li>menad\u017cerowie,<\/li>\n\n\n\n<li>liderzy zespo\u0142\u00f3w,<\/li>\n\n\n\n<li>zespo\u0142y,<\/li>\n\n\n\n<li>osoby chc\u0105ce sprawdzi\u0107 swoje umiej\u0119tno\u015bci zarz\u0105dzania i\/lub planowania<\/li>\n<\/ul>\n","protected":false},"excerpt":{"rendered":"<p>Symulacja SPARTA 500BC\u00ae Jeste\u015bmy w Staro\u017cytnej Grecji w V w. p.n.e. Kultura Achaj\u00f3w upad\u0142a pod naporem obcych lud\u00f3w, gdy seria wielkich trz\u0119sie\u0144 ziemi rozbi\u0142a w py\u0142 jej miasta. W\u015br\u00f3d chaosu powoli powstaj\u0105 zr\u0119by, nowej, najwspanialszej ery tego regionu. Potrzeba jeszcze jednak sporo czasu, nim powstan\u0105 najwi\u0119ksze dzie\u0142a klasycznej filozofii, literatury i sztuki. Ateny, Sparta s\u0105 &hellip; <a href=\"https:\/\/www.pmontime.com\/index.php\/pl\/sparta-500bc\/\" class=\"more-link\">Czytaj dalej<span class=\"screen-reader-text\"> SPARTA 500BC\u00ae<\/span><\/a><\/p>\n","protected":false},"author":2,"featured_media":0,"parent":0,"menu_order":0,"comment_status":"closed","ping_status":"closed","template":"","meta":[],"_links":{"self":[{"href":"https:\/\/www.pmontime.com\/index.php\/wp-json\/wp\/v2\/pages\/300"}],"collection":[{"href":"https:\/\/www.pmontime.com\/index.php\/wp-json\/wp\/v2\/pages"}],"about":[{"href":"https:\/\/www.pmontime.com\/index.php\/wp-json\/wp\/v2\/types\/page"}],"author":[{"embeddable":true,"href":"https:\/\/www.pmontime.com\/index.php\/wp-json\/wp\/v2\/users\/2"}],"replies":[{"embeddable":true,"href":"https:\/\/www.pmontime.com\/index.php\/wp-json\/wp\/v2\/comments?post=300"}],"version-history":[{"count":5,"href":"https:\/\/www.pmontime.com\/index.php\/wp-json\/wp\/v2\/pages\/300\/revisions"}],"predecessor-version":[{"id":335,"href":"https:\/\/www.pmontime.com\/index.php\/wp-json\/wp\/v2\/pages\/300\/revisions\/335"}],"wp:attachment":[{"href":"https:\/\/www.pmontime.com\/index.php\/wp-json\/wp\/v2\/media?parent=300"}],"curies":[{"name":"wp","href":"https:\/\/api.w.org\/{rel}","templated":true}]}}