{"id":35,"date":"2016-08-04T17:54:59","date_gmt":"2016-08-04T15:54:59","guid":{"rendered":"https:\/\/www.pmontime.com\/?page_id=35"},"modified":"2021-03-01T22:11:17","modified_gmt":"2021-03-01T21:11:17","slug":"o-nas","status":"publish","type":"page","link":"https:\/\/www.pmontime.com\/index.php\/pl\/o-nas\/","title":{"rendered":"O nas"},"content":{"rendered":"<h2 style=\"text-align: center;\"><span style=\"color: #1d646a;\">Zaufaj do\u015bwiadczeniu.<\/span><\/h2>\n<p>Jeste\u015bmy ekspertami posiadaj\u0105cymi bogate do\u015bwiadczenie mened\u017cerskie i <img decoding=\"async\" loading=\"lazy\" class=\"size-full wp-image-64 alignleft\" src=\"https:\/\/www.pmontime.com\/wp-content\/uploads\/2016\/08\/business-man-3-1-150x150.png\" alt=\"business-man-3-1-150x150\" width=\"150\" height=\"150\">trenerskie oraz wysokie kompetencje w obszarze zarz\u0105dzania, potwierdzone licznymi mi\u0119dzynarodowymi certyfikatami. Uczestniczyli\u015bmy w wielu projektach zar\u00f3wno w sektorze publicznym, jak i prywatnym. Przeszkolili\u015bmy tysi\u0105ce os\u00f3b pracuj\u0105cych w r\u00f3\u017cnorodnych ga\u0142\u0119ziach biznesu.<\/p>\n<h2 style=\"text-align: center;\"><span style=\"color: #1d646a;\">Pomagamy nad\u0105\u017cy\u0107 za zmianami.<\/span><\/h2>\n<p style=\"text-align: justify;\"><img decoding=\"async\" loading=\"lazy\" class=\"size-full wp-image-65 alignright\" src=\"https:\/\/www.pmontime.com\/wp-content\/uploads\/2016\/08\/rush-512-1-150x150.png\" alt=\"rush-512-1-150x150\" width=\"150\" height=\"150\">Specjalizujemy si\u0119 we wspieraniu szeroko rozumianej zmiany w biznesie. W pracy szkoleniowej i&nbsp;wdro\u017ceniowej wykorzystujemy sprawdzone metodyki. Odwo\u0142ujemy si\u0119 do wiod\u0105cych standard\u00f3w&nbsp;mi\u0119dzynarodowych opartych na najlepszych praktykach zarz\u0105dzania, za priorytet uwa\u017caj\u0105c jednak praktyczn\u0105 mo\u017cliwo\u015b\u0107 wykorzystania rezultat\u00f3w projekt\u00f3w w organizacjach naszych Klient\u00f3w.<\/p>\n<h2 style=\"text-align: center;\"><span style=\"color: #1d646a;\">Z uporem do perfekcji.<\/span><\/h2>\n<p style=\"text-align: justify;\"><img decoding=\"async\" loading=\"lazy\" class=\"size-full wp-image-63 alignleft\" src=\"https:\/\/www.pmontime.com\/wp-content\/uploads\/2016\/08\/books-stack-of-three_318-45543.png-1-150x150.jpeg\" alt=\"books-stack-of-three_318-45543.png-1-150x150\" width=\"150\" height=\"150\"><br \/>\nNieustannie si\u0119 rozwijamy i pog\u0142\u0119biamy wiedz\u0119, dzi\u0119ki czemu nasza oferta jest stale udoskonalana. Nasza energia i otwarta komunikacja sprawiaj\u0105, \u017ce obok wysokiego poziomu merytorycznego us\u0142ug w zakresie edukacji, wdro\u017ce\u0144, wsparcia i realizacji projekt\u00f3w zapewniamy Klientom zrozumienie oraz znakomit\u0105 atmosfer\u0119 towarzysz\u0105c\u0105 wsp\u00f3\u0142pracy.<\/p>\n<h3 style=\"text-align: justify;\"><span style=\"color: #1d646a;\">Szerokie <strong>kompetencje naszego zespo\u0142u potwierdzaj\u0105 certyfikaty<\/strong> w nast\u0119puj\u0105cych obszarach:<\/span><\/h3>\n<pre style=\"text-align: justify;\">* PRINCE2\u00ae *** AgilePM\u00ae *** P3O\u00ae *** MSP\u00ae *** M_o_R\u00ae *** Change Management *** CHANGE TRACKING *** IPMA\u00ae *** Akredytacje trenerskie APMG *** Certyfikowane mistrzostwo strategicznych symulacji szkoleniowych \u201eTwierdza Pozna\u0144\u201d\u00ae, \u201eRaven13\u201d\u00ae, \u201eMIR'91\u201d\u00ae, \u201eCHRONO\u201d\u00ae *** Autoryzacja Kursu Microsoft MS Project\u00ae 2003 i MS Project\u00ae 2007 oraz MS Project Server\u00ae 2003 *** Audytor wewn\u0119trzny QES - Zintegrowany system zarz\u0105dzania wg norm: ISO 9001:2008, ISO 14001:2004, PN-N-18001:2004 oraz OHSAS18001:2007 *<\/pre>\n","protected":false},"excerpt":{"rendered":"<p>Zaufaj do\u015bwiadczeniu. Jeste\u015bmy ekspertami posiadaj\u0105cymi bogate do\u015bwiadczenie mened\u017cerskie i trenerskie oraz wysokie kompetencje w obszarze zarz\u0105dzania, potwierdzone licznymi mi\u0119dzynarodowymi certyfikatami. Uczestniczyli\u015bmy w wielu projektach zar\u00f3wno w sektorze publicznym, jak i prywatnym. Przeszkolili\u015bmy tysi\u0105ce os\u00f3b pracuj\u0105cych w r\u00f3\u017cnorodnych ga\u0142\u0119ziach biznesu. Pomagamy nad\u0105\u017cy\u0107 za zmianami. Specjalizujemy si\u0119 we wspieraniu szeroko rozumianej zmiany w biznesie. W pracy szkoleniowej &hellip; <a href=\"https:\/\/www.pmontime.com\/index.php\/pl\/o-nas\/\" class=\"more-link\">Czytaj dalej<span class=\"screen-reader-text\"> O nas<\/span><\/a><\/p>\n","protected":false},"author":2,"featured_media":0,"parent":0,"menu_order":0,"comment_status":"closed","ping_status":"closed","template":"","meta":[],"_links":{"self":[{"href":"https:\/\/www.pmontime.com\/index.php\/wp-json\/wp\/v2\/pages\/35"}],"collection":[{"href":"https:\/\/www.pmontime.com\/index.php\/wp-json\/wp\/v2\/pages"}],"about":[{"href":"https:\/\/www.pmontime.com\/index.php\/wp-json\/wp\/v2\/types\/page"}],"author":[{"embeddable":true,"href":"https:\/\/www.pmontime.com\/index.php\/wp-json\/wp\/v2\/users\/2"}],"replies":[{"embeddable":true,"href":"https:\/\/www.pmontime.com\/index.php\/wp-json\/wp\/v2\/comments?post=35"}],"version-history":[{"count":7,"href":"https:\/\/www.pmontime.com\/index.php\/wp-json\/wp\/v2\/pages\/35\/revisions"}],"predecessor-version":[{"id":282,"href":"https:\/\/www.pmontime.com\/index.php\/wp-json\/wp\/v2\/pages\/35\/revisions\/282"}],"wp:attachment":[{"href":"https:\/\/www.pmontime.com\/index.php\/wp-json\/wp\/v2\/media?parent=35"}],"curies":[{"name":"wp","href":"https:\/\/api.w.org\/{rel}","templated":true}]}}