{"id":37,"date":"2022-08-04T19:55:00","date_gmt":"2022-08-04T17:55:00","guid":{"rendered":"https:\/\/www.pmontime.com\/?page_id=37"},"modified":"2023-03-22T20:33:23","modified_gmt":"2023-03-22T19:33:23","slug":"partnerstwo","status":"publish","type":"page","link":"https:\/\/www.pmontime.com\/index.php\/pl\/partnerstwo\/","title":{"rendered":"Partnerstwo"},"content":{"rendered":"<p style=\"text-align: justify;\">Wsp\u00f3\u0142pracujemy z ekspertami, instytucjami oraz innymi firmami \u015bwiadcz\u0105cymi komplementarne us\u0142ugi, dzi\u0119ki czemu jeste\u015bmy w stanie zaproponowa\u0107 dok\u0142adnie to czego oczekuj\u0105 i potrzebuj\u0105 nasi klienci.<\/p>\n<p style=\"text-align: center;\">Dzi\u0119ki wsp\u00f3\u0142pracy mo\u017cemy wi\u0119cej &#8211; oferujemy wi\u0119cej.<\/p>\n<p style=\"text-align: center;\">Nasi wybrani partnerzy:<\/p>\n<p style=\"text-align: center;\">\n<p style=\"text-align: center;\"><a href=\"http:\/\/ignifer-labs.com\"><img decoding=\"async\" loading=\"lazy\" class=\"wp-image-283 size-medium aligncenter\" src=\"https:\/\/www.pmontime.com\/wp-content\/uploads\/2021\/03\/ignifer-labs-300x113.png\" alt=\"\" width=\"300\" height=\"113\" srcset=\"https:\/\/www.pmontime.com\/wp-content\/uploads\/2021\/03\/ignifer-labs-300x113.png 300w, https:\/\/www.pmontime.com\/wp-content\/uploads\/2021\/03\/ignifer-labs.png 720w\" sizes=\"(max-width: 300px) 85vw, 300px\" \/><\/a><\/p>\n<p style=\"text-align: center;\">\n<p style=\"text-align: center;\"><a href=\"http:\/\/www.seo-partner.pl\/pl\/\"><img decoding=\"async\" loading=\"lazy\" class=\"wp-image-163 aligncenter\" src=\"https:\/\/www.pmontime.com\/wp-content\/uploads\/2016\/08\/logo-seo-partner-pelne.png\" alt=\"logo-seo-partner-pelne\" width=\"201\" height=\"79\"><\/a><\/p>\n","protected":false},"excerpt":{"rendered":"<p>Wsp\u00f3\u0142pracujemy z ekspertami, instytucjami oraz innymi firmami \u015bwiadcz\u0105cymi komplementarne us\u0142ugi, dzi\u0119ki czemu jeste\u015bmy w stanie zaproponowa\u0107 dok\u0142adnie to czego oczekuj\u0105 i potrzebuj\u0105 nasi klienci. Dzi\u0119ki wsp\u00f3\u0142pracy mo\u017cemy wi\u0119cej &#8211; oferujemy wi\u0119cej. Nasi wybrani partnerzy:<\/p>\n","protected":false},"author":2,"featured_media":0,"parent":0,"menu_order":0,"comment_status":"closed","ping_status":"closed","template":"","meta":[],"_links":{"self":[{"href":"https:\/\/www.pmontime.com\/index.php\/wp-json\/wp\/v2\/pages\/37"}],"collection":[{"href":"https:\/\/www.pmontime.com\/index.php\/wp-json\/wp\/v2\/pages"}],"about":[{"href":"https:\/\/www.pmontime.com\/index.php\/wp-json\/wp\/v2\/types\/page"}],"author":[{"embeddable":true,"href":"https:\/\/www.pmontime.com\/index.php\/wp-json\/wp\/v2\/users\/2"}],"replies":[{"embeddable":true,"href":"https:\/\/www.pmontime.com\/index.php\/wp-json\/wp\/v2\/comments?post=37"}],"version-history":[{"count":13,"href":"https:\/\/www.pmontime.com\/index.php\/wp-json\/wp\/v2\/pages\/37\/revisions"}],"predecessor-version":[{"id":339,"href":"https:\/\/www.pmontime.com\/index.php\/wp-json\/wp\/v2\/pages\/37\/revisions\/339"}],"wp:attachment":[{"href":"https:\/\/www.pmontime.com\/index.php\/wp-json\/wp\/v2\/media?parent=37"}],"curies":[{"name":"wp","href":"https:\/\/api.w.org\/{rel}","templated":true}]}}